{"id":2461,"date":"2025-06-19T00:50:27","date_gmt":"2025-06-19T00:50:27","guid":{"rendered":"https:\/\/communityangelsri.com\/?page_id=2461"},"modified":"2025-06-24T19:22:46","modified_gmt":"2025-06-24T19:22:46","slug":"elementor-pagina-2461","status":"publish","type":"page","link":"https:\/\/communityangelsri.com\/es\/elementor-pagina-2461\/","title":{"rendered":"Programa de Intercambio Juvenil de Verano"},"content":{"rendered":"<div data-elementor-type=\"wp-page\" data-elementor-id=\"2461\" class=\"elementor elementor-2461\" data-elementor-post-type=\"page\">\n\t\t\t\t<div class=\"elementor-element elementor-element-25f7f6e e-flex e-con-boxed e-con e-parent\" data-id=\"25f7f6e\" data-element_type=\"container\" data-settings=\"{&quot;background_background&quot;:&quot;classic&quot;}\">\n\t\t\t\t\t<div class=\"e-con-inner\">\n\t\t\t\t<div class=\"elementor-element elementor-element-61be854 elementor-widget elementor-widget-button\" data-id=\"61be854\" data-element_type=\"widget\" data-widget_type=\"button.default\">\n\t\t\t\t<div class=\"elementor-widget-container\">\n\t\t\t\t\t\t\t\t\t<div class=\"elementor-button-wrapper\">\n\t\t\t\t\t<a class=\"elementor-button elementor-button-link elementor-size-sm\" href=\"https:\/\/communityangelsri.com\/es\/services\/\">\n\t\t\t\t\t\t<span class=\"elementor-button-content-wrapper\">\n\t\t\t\t\t\t\t\t\t<span class=\"elementor-button-text\">Ir atr\u00e1s<\/span>\n\t\t\t\t\t<\/span>\n\t\t\t\t\t<\/a>\n\t\t\t\t<\/div>\n\t\t\t\t\t\t\t\t<\/div>\n\t\t\t\t<\/div>\n\t\t\t\t<div class=\"elementor-element elementor-element-efc6c7b elementor-widget elementor-widget-heading\" data-id=\"efc6c7b\" data-element_type=\"widget\" data-widget_type=\"heading.default\">\n\t\t\t\t<div class=\"elementor-widget-container\">\n\t\t\t\t\t<h2 class=\"elementor-heading-title elementor-size-default\">Programa de Intercambio Juvenil de Verano<\/h2>\t\t\t\t<\/div>\n\t\t\t\t<\/div>\n\t\t\t\t<div class=\"elementor-element elementor-element-4680c62 elementor-widget elementor-widget-text-editor\" data-id=\"4680c62\" data-element_type=\"widget\" data-widget_type=\"text-editor.default\">\n\t\t\t\t<div class=\"elementor-widget-container\">\n\t\t\t\t\t\t\t\t\t<ul><li><span style=\"font-weight: 400;\">En colaboraci\u00f3n con UDRI<\/span><\/li><li>Recibe a j\u00f3venes y entrenadores de Rep\u00fablica Dominicana<\/li><\/ul><p><span style=\"font-weight: 400;\">Organiza partidos amistosos de b\u00e9isbol y talleres sobre:<\/span><\/p><ul><li><span style=\"font-weight: 400;\">Liderazgo, salud, prevenci\u00f3n de drogas y t\u00e9cnicas de b\u00e9isbol<\/span><\/li><li>Reuniones de liderazgo y planificaci\u00f3n de voluntarios: de septiembre a diciembre<\/li><li>Re\u00fane a miembros de la comunidad y socios para la planificaci\u00f3n estrat\u00e9gica.<\/li><li>Los temas incluyen comunicaci\u00f3n, toma de decisiones, colaboraci\u00f3n y liderazgo.<\/li><li>Apoya el desarrollo y expansi\u00f3n de iniciativas locales<\/li><\/ul>\t\t\t\t\t\t\t\t<\/div>\n\t\t\t\t<\/div>\n\t\t\t\t<div class=\"elementor-element elementor-element-6e1a0ed elementor-widget elementor-widget-gallery\" data-id=\"6e1a0ed\" data-element_type=\"widget\" data-settings=\"{&quot;columns&quot;:7,&quot;lazyload&quot;:&quot;yes&quot;,&quot;gallery_layout&quot;:&quot;grid&quot;,&quot;columns_tablet&quot;:2,&quot;columns_mobile&quot;:1,&quot;gap&quot;:{&quot;unit&quot;:&quot;px&quot;,&quot;size&quot;:10,&quot;sizes&quot;:[]},&quot;gap_tablet&quot;:{&quot;unit&quot;:&quot;px&quot;,&quot;size&quot;:10,&quot;sizes&quot;:[]},&quot;gap_mobile&quot;:{&quot;unit&quot;:&quot;px&quot;,&quot;size&quot;:10,&quot;sizes&quot;:[]},&quot;link_to&quot;:&quot;file&quot;,&quot;aspect_ratio&quot;:&quot;3:2&quot;,&quot;overlay_background&quot;:&quot;yes&quot;,&quot;content_hover_animation&quot;:&quot;fade-in&quot;}\" data-widget_type=\"gallery.default\">\n\t\t\t\t<div class=\"elementor-widget-container\">\n\t\t\t\t\t\t\t<div class=\"elementor-gallery__container\">\n\t\t\t\t\t\t\t<a class=\"e-gallery-item elementor-gallery-item elementor-animated-content\" href=\"https:\/\/communityangelsri.com\/wp-content\/uploads\/2025\/06\/480153330_942705251306037_2031989887280592240_n.jpg\" data-elementor-open-lightbox=\"yes\" data-elementor-lightbox-slideshow=\"6e1a0ed\" data-elementor-lightbox-title=\"480153330_942705251306037_2031989887280592240_n\" data-e-action-hash=\"#elementor-action%3Aaction%3Dlightbox%26settings%3DeyJpZCI6MjYzNCwidXJsIjoiaHR0cHM6XC9cL2NvbW11bml0eWFuZ2Vsc3JpLmNvbVwvd3AtY29udGVudFwvdXBsb2Fkc1wvMjAyNVwvMDZcLzQ4MDE1MzMzMF85NDI3MDUyNTEzMDYwMzdfMjAzMTk4OTg4NzI4MDU5MjI0MF9uLmpwZyIsInNsaWRlc2hvdyI6IjZlMWEwZWQifQ%3D%3D\">\n\t\t\t\t\t<div class=\"e-gallery-image elementor-gallery-item__image\" data-thumbnail=\"https:\/\/communityangelsri.com\/wp-content\/uploads\/2025\/06\/480153330_942705251306037_2031989887280592240_n-225x300.jpg\" data-width=\"225\" data-height=\"300\" aria-label=\"\" role=\"img\" ><\/div>\n\t\t\t\t\t\t\t\t\t\t\t<div class=\"elementor-gallery-item__overlay\"><\/div>\n\t\t\t\t\t\t\t\t\t\t\t\t\t\t<\/a>\n\t\t\t\t\t\t\t<a class=\"e-gallery-item elementor-gallery-item elementor-animated-content\" href=\"https:\/\/communityangelsri.com\/wp-content\/uploads\/2025\/06\/480171320_942705261306036_1581452245842507376_n.jpg\" data-elementor-open-lightbox=\"yes\" data-elementor-lightbox-slideshow=\"6e1a0ed\" data-elementor-lightbox-title=\"480171320_942705261306036_1581452245842507376_n\" data-e-action-hash=\"#elementor-action%3Aaction%3Dlightbox%26settings%3DeyJpZCI6MjYzNSwidXJsIjoiaHR0cHM6XC9cL2NvbW11bml0eWFuZ2Vsc3JpLmNvbVwvd3AtY29udGVudFwvdXBsb2Fkc1wvMjAyNVwvMDZcLzQ4MDE3MTMyMF85NDI3MDUyNjEzMDYwMzZfMTU4MTQ1MjI0NTg0MjUwNzM3Nl9uLmpwZyIsInNsaWRlc2hvdyI6IjZlMWEwZWQifQ%3D%3D\">\n\t\t\t\t\t<div class=\"e-gallery-image elementor-gallery-item__image\" data-thumbnail=\"https:\/\/communityangelsri.com\/wp-content\/uploads\/2025\/06\/480171320_942705261306036_1581452245842507376_n-225x300.jpg\" data-width=\"225\" data-height=\"300\" aria-label=\"\" role=\"img\" ><\/div>\n\t\t\t\t\t\t\t\t\t\t\t<div class=\"elementor-gallery-item__overlay\"><\/div>\n\t\t\t\t\t\t\t\t\t\t\t\t\t\t<\/a>\n\t\t\t\t\t\t\t<a class=\"e-gallery-item elementor-gallery-item elementor-animated-content\" href=\"https:\/\/communityangelsri.com\/wp-content\/uploads\/2025\/06\/480200043_942705271306035_4441959742715302231_n.jpg\" data-elementor-open-lightbox=\"yes\" data-elementor-lightbox-slideshow=\"6e1a0ed\" data-elementor-lightbox-title=\"480200043_942705271306035_4441959742715302231_n\" data-e-action-hash=\"#elementor-action%3Aaction%3Dlightbox%26settings%3DeyJpZCI6MjYzNiwidXJsIjoiaHR0cHM6XC9cL2NvbW11bml0eWFuZ2Vsc3JpLmNvbVwvd3AtY29udGVudFwvdXBsb2Fkc1wvMjAyNVwvMDZcLzQ4MDIwMDA0M185NDI3MDUyNzEzMDYwMzVfNDQ0MTk1OTc0MjcxNTMwMjIzMV9uLmpwZyIsInNsaWRlc2hvdyI6IjZlMWEwZWQifQ%3D%3D\">\n\t\t\t\t\t<div class=\"e-gallery-image elementor-gallery-item__image\" data-thumbnail=\"https:\/\/communityangelsri.com\/wp-content\/uploads\/2025\/06\/480200043_942705271306035_4441959742715302231_n-300x225.jpg\" data-width=\"300\" data-height=\"225\" aria-label=\"\" role=\"img\" ><\/div>\n\t\t\t\t\t\t\t\t\t\t\t<div class=\"elementor-gallery-item__overlay\"><\/div>\n\t\t\t\t\t\t\t\t\t\t\t\t\t\t<\/a>\n\t\t\t\t\t\t\t<a class=\"e-gallery-item elementor-gallery-item elementor-animated-content\" href=\"https:\/\/communityangelsri.com\/wp-content\/uploads\/2025\/06\/480236332_942705367972692_6240714928831738160_n.jpg\" data-elementor-open-lightbox=\"yes\" data-elementor-lightbox-slideshow=\"6e1a0ed\" data-elementor-lightbox-title=\"480236332_942705367972692_6240714928831738160_n\" data-e-action-hash=\"#elementor-action%3Aaction%3Dlightbox%26settings%3DeyJpZCI6MjYzNywidXJsIjoiaHR0cHM6XC9cL2NvbW11bml0eWFuZ2Vsc3JpLmNvbVwvd3AtY29udGVudFwvdXBsb2Fkc1wvMjAyNVwvMDZcLzQ4MDIzNjMzMl85NDI3MDUzNjc5NzI2OTJfNjI0MDcxNDkyODgzMTczODE2MF9uLmpwZyIsInNsaWRlc2hvdyI6IjZlMWEwZWQifQ%3D%3D\">\n\t\t\t\t\t<div class=\"e-gallery-image elementor-gallery-item__image\" data-thumbnail=\"https:\/\/communityangelsri.com\/wp-content\/uploads\/2025\/06\/480236332_942705367972692_6240714928831738160_n-225x300.jpg\" data-width=\"225\" data-height=\"300\" aria-label=\"\" role=\"img\" ><\/div>\n\t\t\t\t\t\t\t\t\t\t\t<div class=\"elementor-gallery-item__overlay\"><\/div>\n\t\t\t\t\t\t\t\t\t\t\t\t\t\t<\/a>\n\t\t\t\t\t\t\t<a class=\"e-gallery-item elementor-gallery-item elementor-animated-content\" href=\"https:\/\/communityangelsri.com\/wp-content\/uploads\/2025\/06\/480240806_942705377972691_5643724130643839810_n.jpg\" data-elementor-open-lightbox=\"yes\" data-elementor-lightbox-slideshow=\"6e1a0ed\" data-elementor-lightbox-title=\"480240806_942705377972691_5643724130643839810_n\" data-e-action-hash=\"#elementor-action%3Aaction%3Dlightbox%26settings%3DeyJpZCI6MjYzOCwidXJsIjoiaHR0cHM6XC9cL2NvbW11bml0eWFuZ2Vsc3JpLmNvbVwvd3AtY29udGVudFwvdXBsb2Fkc1wvMjAyNVwvMDZcLzQ4MDI0MDgwNl85NDI3MDUzNzc5NzI2OTFfNTY0MzcyNDEzMDY0MzgzOTgxMF9uLmpwZyIsInNsaWRlc2hvdyI6IjZlMWEwZWQifQ%3D%3D\">\n\t\t\t\t\t<div class=\"e-gallery-image elementor-gallery-item__image\" data-thumbnail=\"https:\/\/communityangelsri.com\/wp-content\/uploads\/2025\/06\/480240806_942705377972691_5643724130643839810_n-300x225.jpg\" data-width=\"300\" data-height=\"225\" aria-label=\"\" role=\"img\" ><\/div>\n\t\t\t\t\t\t\t\t\t\t\t<div class=\"elementor-gallery-item__overlay\"><\/div>\n\t\t\t\t\t\t\t\t\t\t\t\t\t\t<\/a>\n\t\t\t\t\t\t\t<a class=\"e-gallery-item elementor-gallery-item elementor-animated-content\" href=\"https:\/\/communityangelsri.com\/wp-content\/uploads\/2025\/06\/480434475_942705381306024_6200328426701930796_n.jpg\" data-elementor-open-lightbox=\"yes\" data-elementor-lightbox-slideshow=\"6e1a0ed\" data-elementor-lightbox-title=\"480434475_942705381306024_6200328426701930796_n\" data-e-action-hash=\"#elementor-action%3Aaction%3Dlightbox%26settings%3DeyJpZCI6MjYzOSwidXJsIjoiaHR0cHM6XC9cL2NvbW11bml0eWFuZ2Vsc3JpLmNvbVwvd3AtY29udGVudFwvdXBsb2Fkc1wvMjAyNVwvMDZcLzQ4MDQzNDQ3NV85NDI3MDUzODEzMDYwMjRfNjIwMDMyODQyNjcwMTkzMDc5Nl9uLmpwZyIsInNsaWRlc2hvdyI6IjZlMWEwZWQifQ%3D%3D\">\n\t\t\t\t\t<div class=\"e-gallery-image elementor-gallery-item__image\" data-thumbnail=\"https:\/\/communityangelsri.com\/wp-content\/uploads\/2025\/06\/480434475_942705381306024_6200328426701930796_n-300x225.jpg\" data-width=\"300\" data-height=\"225\" aria-label=\"\" role=\"img\" ><\/div>\n\t\t\t\t\t\t\t\t\t\t\t<div class=\"elementor-gallery-item__overlay\"><\/div>\n\t\t\t\t\t\t\t\t\t\t\t\t\t\t<\/a>\n\t\t\t\t\t\t\t<a class=\"e-gallery-item elementor-gallery-item elementor-animated-content\" href=\"https:\/\/communityangelsri.com\/wp-content\/uploads\/2025\/06\/480461428_942705274639368_7674281546691647015_n.jpg\" data-elementor-open-lightbox=\"yes\" data-elementor-lightbox-slideshow=\"6e1a0ed\" data-elementor-lightbox-title=\"480461428_942705274639368_7674281546691647015_n\" data-e-action-hash=\"#elementor-action%3Aaction%3Dlightbox%26settings%3DeyJpZCI6MjY0MCwidXJsIjoiaHR0cHM6XC9cL2NvbW11bml0eWFuZ2Vsc3JpLmNvbVwvd3AtY29udGVudFwvdXBsb2Fkc1wvMjAyNVwvMDZcLzQ4MDQ2MTQyOF85NDI3MDUyNzQ2MzkzNjhfNzY3NDI4MTU0NjY5MTY0NzAxNV9uLmpwZyIsInNsaWRlc2hvdyI6IjZlMWEwZWQifQ%3D%3D\">\n\t\t\t\t\t<div class=\"e-gallery-image elementor-gallery-item__image\" data-thumbnail=\"https:\/\/communityangelsri.com\/wp-content\/uploads\/2025\/06\/480461428_942705274639368_7674281546691647015_n-300x225.jpg\" data-width=\"300\" data-height=\"225\" aria-label=\"\" role=\"img\" ><\/div>\n\t\t\t\t\t\t\t\t\t\t\t<div class=\"elementor-gallery-item__overlay\"><\/div>\n\t\t\t\t\t\t\t\t\t\t\t\t\t\t<\/a>\n\t\t\t\t\t\t\t<a class=\"e-gallery-item elementor-gallery-item elementor-animated-content\" href=\"https:\/\/communityangelsri.com\/wp-content\/uploads\/2025\/06\/480566375_942705357972693_2262932051480913260_n.jpg\" data-elementor-open-lightbox=\"yes\" data-elementor-lightbox-slideshow=\"6e1a0ed\" data-elementor-lightbox-title=\"480566375_942705357972693_2262932051480913260_n\" data-e-action-hash=\"#elementor-action%3Aaction%3Dlightbox%26settings%3DeyJpZCI6MjY0MiwidXJsIjoiaHR0cHM6XC9cL2NvbW11bml0eWFuZ2Vsc3JpLmNvbVwvd3AtY29udGVudFwvdXBsb2Fkc1wvMjAyNVwvMDZcLzQ4MDU2NjM3NV85NDI3MDUzNTc5NzI2OTNfMjI2MjkzMjA1MTQ4MDkxMzI2MF9uLmpwZyIsInNsaWRlc2hvdyI6IjZlMWEwZWQifQ%3D%3D\">\n\t\t\t\t\t<div class=\"e-gallery-image elementor-gallery-item__image\" data-thumbnail=\"https:\/\/communityangelsri.com\/wp-content\/uploads\/2025\/06\/480566375_942705357972693_2262932051480913260_n-300x225.jpg\" data-width=\"300\" data-height=\"225\" aria-label=\"\" role=\"img\" ><\/div>\n\t\t\t\t\t\t\t\t\t\t\t<div class=\"elementor-gallery-item__overlay\"><\/div>\n\t\t\t\t\t\t\t\t\t\t\t\t\t\t<\/a>\n\t\t\t\t\t\t\t<a class=\"e-gallery-item elementor-gallery-item elementor-animated-content\" href=\"https:\/\/communityangelsri.com\/wp-content\/uploads\/2025\/06\/480606314_942705227972706_5109398890484144527_n.jpg\" data-elementor-open-lightbox=\"yes\" data-elementor-lightbox-slideshow=\"6e1a0ed\" data-elementor-lightbox-title=\"480606314_942705227972706_5109398890484144527_n\" data-e-action-hash=\"#elementor-action%3Aaction%3Dlightbox%26settings%3DeyJpZCI6MjY0MywidXJsIjoiaHR0cHM6XC9cL2NvbW11bml0eWFuZ2Vsc3JpLmNvbVwvd3AtY29udGVudFwvdXBsb2Fkc1wvMjAyNVwvMDZcLzQ4MDYwNjMxNF85NDI3MDUyMjc5NzI3MDZfNTEwOTM5ODg5MDQ4NDE0NDUyN19uLmpwZyIsInNsaWRlc2hvdyI6IjZlMWEwZWQifQ%3D%3D\">\n\t\t\t\t\t<div class=\"e-gallery-image elementor-gallery-item__image\" data-thumbnail=\"https:\/\/communityangelsri.com\/wp-content\/uploads\/2025\/06\/480606314_942705227972706_5109398890484144527_n-300x225.jpg\" data-width=\"300\" data-height=\"225\" aria-label=\"\" role=\"img\" ><\/div>\n\t\t\t\t\t\t\t\t\t\t\t<div class=\"elementor-gallery-item__overlay\"><\/div>\n\t\t\t\t\t\t\t\t\t\t\t\t\t\t<\/a>\n\t\t\t\t\t<\/div>\n\t\t\t\t\t<\/div>\n\t\t\t\t<\/div>\n\t\t\t\t\t<\/div>\n\t\t\t\t<\/div>\n\t\t\t\t<\/div>","protected":false},"excerpt":{"rendered":"<p>Back to home Summer Youth Exchange Program In partnership with UDRI Hosts youth and coaches from the Dominican Republic Organizes friendly baseball games and workshops on: Leadership, health, drug prevention, and baseball techniques Volunteer Leadership &amp; Planning Meetings \u2013 September to December Brings together community members and partners for strategic planning Topics include communication, decision-making, [&hellip;]<\/p>","protected":false},"author":2,"featured_media":0,"parent":0,"menu_order":0,"comment_status":"closed","ping_status":"closed","template":"","meta":{"_surecart_dashboard_logo_width":"180px","_surecart_dashboard_show_logo":true,"_surecart_dashboard_navigation_orders":true,"_surecart_dashboard_navigation_invoices":true,"_surecart_dashboard_navigation_subscriptions":true,"_surecart_dashboard_navigation_downloads":true,"_surecart_dashboard_navigation_billing":true,"_surecart_dashboard_navigation_account":true,"site-sidebar-layout":"no-sidebar","site-content-layout":"page-builder","ast-site-content-layout":"full-width-container","site-content-style":"default","site-sidebar-style":"default","ast-global-header-display":"","ast-banner-title-visibility":"","ast-main-header-display":"","ast-hfb-above-header-display":"","ast-hfb-below-header-display":"","ast-hfb-mobile-header-display":"","site-post-title":"disabled","ast-breadcrumbs-content":"","ast-featured-img":"disabled","footer-sml-layout":"","theme-transparent-header-meta":"","adv-header-id-meta":"","stick-header-meta":"","header-above-stick-meta":"","header-main-stick-meta":"","header-below-stick-meta":"","astra-migrate-meta-layouts":"default","ast-page-background-enabled":"default","ast-page-background-meta":{"desktop":{"background-color":"var(--ast-global-color-4)","background-image":"","background-repeat":"repeat","background-position":"center center","background-size":"auto","background-attachment":"scroll","background-type":"","background-media":"","overlay-type":"","overlay-color":"","overlay-opacity":"","overlay-gradient":""},"tablet":{"background-color":"","background-image":"","background-repeat":"repeat","background-position":"center center","background-size":"auto","background-attachment":"scroll","background-type":"","background-media":"","overlay-type":"","overlay-color":"","overlay-opacity":"","overlay-gradient":""},"mobile":{"background-color":"","background-image":"","background-repeat":"repeat","background-position":"center center","background-size":"auto","background-attachment":"scroll","background-type":"","background-media":"","overlay-type":"","overlay-color":"","overlay-opacity":"","overlay-gradient":""}},"ast-content-background-meta":{"desktop":{"background-color":"var(--ast-global-color-5)","background-image":"","background-repeat":"repeat","background-position":"center center","background-size":"auto","background-attachment":"scroll","background-type":"","background-media":"","overlay-type":"","overlay-color":"","overlay-opacity":"","overlay-gradient":""},"tablet":{"background-color":"var(--ast-global-color-5)","background-image":"","background-repeat":"repeat","background-position":"center center","background-size":"auto","background-attachment":"scroll","background-type":"","background-media":"","overlay-type":"","overlay-color":"","overlay-opacity":"","overlay-gradient":""},"mobile":{"background-color":"var(--ast-global-color-5)","background-image":"","background-repeat":"repeat","background-position":"center center","background-size":"auto","background-attachment":"scroll","background-type":"","background-media":"","overlay-type":"","overlay-color":"","overlay-opacity":"","overlay-gradient":""}},"footnotes":""},"class_list":["post-2461","page","type-page","status-publish","hentry"],"_links":{"self":[{"href":"https:\/\/communityangelsri.com\/es\/wp-json\/wp\/v2\/pages\/2461","targetHints":{"allow":["GET"]}}],"collection":[{"href":"https:\/\/communityangelsri.com\/es\/wp-json\/wp\/v2\/pages"}],"about":[{"href":"https:\/\/communityangelsri.com\/es\/wp-json\/wp\/v2\/types\/page"}],"author":[{"embeddable":true,"href":"https:\/\/communityangelsri.com\/es\/wp-json\/wp\/v2\/users\/2"}],"replies":[{"embeddable":true,"href":"https:\/\/communityangelsri.com\/es\/wp-json\/wp\/v2\/comments?post=2461"}],"version-history":[{"count":17,"href":"https:\/\/communityangelsri.com\/es\/wp-json\/wp\/v2\/pages\/2461\/revisions"}],"predecessor-version":[{"id":2904,"href":"https:\/\/communityangelsri.com\/es\/wp-json\/wp\/v2\/pages\/2461\/revisions\/2904"}],"wp:attachment":[{"href":"https:\/\/communityangelsri.com\/es\/wp-json\/wp\/v2\/media?parent=2461"}],"curies":[{"name":"wp","href":"https:\/\/api.w.org\/{rel}","templated":true}]}}