{"id":2420,"date":"2025-06-18T22:39:46","date_gmt":"2025-06-18T22:39:46","guid":{"rendered":"https:\/\/communityangelsri.com\/?page_id=2420"},"modified":"2025-06-24T18:43:28","modified_gmt":"2025-06-24T18:43:28","slug":"elementor-pagina-2420","status":"publish","type":"page","link":"https:\/\/communityangelsri.com\/es\/elementor-pagina-2420\/","title":{"rendered":"Celebraci\u00f3n del d\u00eda de San Valent\u00edn"},"content":{"rendered":"<div data-elementor-type=\"wp-page\" data-elementor-id=\"2420\" class=\"elementor elementor-2420\" data-elementor-post-type=\"page\">\n\t\t\t\t<div class=\"elementor-element elementor-element-68d3156 e-flex e-con-boxed e-con e-parent\" data-id=\"68d3156\" data-element_type=\"container\" data-settings=\"{&quot;background_background&quot;:&quot;classic&quot;}\">\n\t\t\t\t\t<div class=\"e-con-inner\">\n\t\t\t\t<div class=\"elementor-element elementor-element-24b9041 elementor-widget elementor-widget-button\" data-id=\"24b9041\" data-element_type=\"widget\" data-widget_type=\"button.default\">\n\t\t\t\t<div class=\"elementor-widget-container\">\n\t\t\t\t\t\t\t\t\t<div class=\"elementor-button-wrapper\">\n\t\t\t\t\t<a class=\"elementor-button elementor-button-link elementor-size-sm\" href=\"https:\/\/communityangelsri.com\/es\/services\/\">\n\t\t\t\t\t\t<span class=\"elementor-button-content-wrapper\">\n\t\t\t\t\t\t\t\t\t<span class=\"elementor-button-text\">Ir atr\u00e1s<\/span>\n\t\t\t\t\t<\/span>\n\t\t\t\t\t<\/a>\n\t\t\t\t<\/div>\n\t\t\t\t\t\t\t\t<\/div>\n\t\t\t\t<\/div>\n\t\t\t\t<div class=\"elementor-element elementor-element-aafca04 elementor-widget elementor-widget-heading\" data-id=\"aafca04\" data-element_type=\"widget\" data-widget_type=\"heading.default\">\n\t\t\t\t<div class=\"elementor-widget-container\">\n\t\t\t\t\t<h2 class=\"elementor-heading-title elementor-size-default\">Celebraci\u00f3n del d\u00eda de San Valent\u00edn<\/h2>\t\t\t\t<\/div>\n\t\t\t\t<\/div>\n\t\t\t\t<div class=\"elementor-element elementor-element-7bcb116 elementor-widget elementor-widget-text-editor\" data-id=\"7bcb116\" data-element_type=\"widget\" data-widget_type=\"text-editor.default\">\n\t\t\t\t<div class=\"elementor-widget-container\">\n\t\t\t\t\t\t\t\t\t<ul><li><span style=\"font-weight: 400;\">Centrado en guarder\u00edas domiciliarias en toda la comunidad.<\/span><\/li><li><span style=\"font-weight: 400;\">Celebra la amistad y la amabilidad entre los ni\u00f1os peque\u00f1os.<\/span><\/li><\/ul><p><span style=\"font-weight: 400;\">Apoya a los proveedores de guarder\u00edas mediante:<\/span><\/p><ul><li><span style=\"font-weight: 400;\">Donaci\u00f3n de libros nuevos para ayudar a construir bibliotecas de guarder\u00edas<\/span><\/li><li><span style=\"font-weight: 400;\">Proporcionar bocadillos y golosinas para los ni\u00f1os.<\/span><\/li><li><span style=\"font-weight: 400;\">Organizando actividades y manualidades con tem\u00e1tica de amistad.<\/span><\/li><li><span style=\"font-weight: 400;\">Promueve la alfabetizaci\u00f3n temprana y el desarrollo social positivo.<\/span><\/li><\/ul>\t\t\t\t\t\t\t\t<\/div>\n\t\t\t\t<\/div>\n\t\t\t\t<div class=\"elementor-element elementor-element-a5613f1 elementor-widget elementor-widget-gallery\" data-id=\"a5613f1\" data-element_type=\"widget\" data-settings=\"{&quot;columns&quot;:5,&quot;lazyload&quot;:&quot;yes&quot;,&quot;gallery_layout&quot;:&quot;grid&quot;,&quot;columns_tablet&quot;:2,&quot;columns_mobile&quot;:1,&quot;gap&quot;:{&quot;unit&quot;:&quot;px&quot;,&quot;size&quot;:10,&quot;sizes&quot;:[]},&quot;gap_tablet&quot;:{&quot;unit&quot;:&quot;px&quot;,&quot;size&quot;:10,&quot;sizes&quot;:[]},&quot;gap_mobile&quot;:{&quot;unit&quot;:&quot;px&quot;,&quot;size&quot;:10,&quot;sizes&quot;:[]},&quot;link_to&quot;:&quot;file&quot;,&quot;aspect_ratio&quot;:&quot;3:2&quot;,&quot;overlay_background&quot;:&quot;yes&quot;,&quot;content_hover_animation&quot;:&quot;fade-in&quot;}\" data-widget_type=\"gallery.default\">\n\t\t\t\t<div class=\"elementor-widget-container\">\n\t\t\t\t\t\t\t<div class=\"elementor-gallery__container\">\n\t\t\t\t\t\t\t<a class=\"e-gallery-item elementor-gallery-item elementor-animated-content\" href=\"https:\/\/communityangelsri.com\/wp-content\/uploads\/2025\/06\/484048998_961106459465916_1024454337892841967_n.jpg\" data-elementor-open-lightbox=\"yes\" data-elementor-lightbox-slideshow=\"a5613f1\" data-elementor-lightbox-title=\"484048998_961106459465916_1024454337892841967_n\" data-e-action-hash=\"#elementor-action%3Aaction%3Dlightbox%26settings%3DeyJpZCI6MjYxOCwidXJsIjoiaHR0cHM6XC9cL2NvbW11bml0eWFuZ2Vsc3JpLmNvbVwvd3AtY29udGVudFwvdXBsb2Fkc1wvMjAyNVwvMDZcLzQ4NDA0ODk5OF85NjExMDY0NTk0NjU5MTZfMTAyNDQ1NDMzNzg5Mjg0MTk2N19uLmpwZyIsInNsaWRlc2hvdyI6ImE1NjEzZjEifQ%3D%3D\">\n\t\t\t\t\t<div class=\"e-gallery-image elementor-gallery-item__image\" data-thumbnail=\"https:\/\/communityangelsri.com\/wp-content\/uploads\/2025\/06\/484048998_961106459465916_1024454337892841967_n-300x225.jpg\" data-width=\"300\" data-height=\"225\" aria-label=\"\" role=\"img\" ><\/div>\n\t\t\t\t\t\t\t\t\t\t\t<div class=\"elementor-gallery-item__overlay\"><\/div>\n\t\t\t\t\t\t\t\t\t\t\t\t\t\t<\/a>\n\t\t\t\t\t\t\t<a class=\"e-gallery-item elementor-gallery-item elementor-animated-content\" href=\"https:\/\/communityangelsri.com\/wp-content\/uploads\/2025\/06\/484181626_961032732806622_7346299079806111512_n.jpg\" data-elementor-open-lightbox=\"yes\" data-elementor-lightbox-slideshow=\"a5613f1\" data-elementor-lightbox-title=\"484181626_961032732806622_7346299079806111512_n\" data-e-action-hash=\"#elementor-action%3Aaction%3Dlightbox%26settings%3DeyJpZCI6MjYxOSwidXJsIjoiaHR0cHM6XC9cL2NvbW11bml0eWFuZ2Vsc3JpLmNvbVwvd3AtY29udGVudFwvdXBsb2Fkc1wvMjAyNVwvMDZcLzQ4NDE4MTYyNl85NjEwMzI3MzI4MDY2MjJfNzM0NjI5OTA3OTgwNjExMTUxMl9uLmpwZyIsInNsaWRlc2hvdyI6ImE1NjEzZjEifQ%3D%3D\">\n\t\t\t\t\t<div class=\"e-gallery-image elementor-gallery-item__image\" data-thumbnail=\"https:\/\/communityangelsri.com\/wp-content\/uploads\/2025\/06\/484181626_961032732806622_7346299079806111512_n-300x225.jpg\" data-width=\"300\" data-height=\"225\" aria-label=\"\" role=\"img\" ><\/div>\n\t\t\t\t\t\t\t\t\t\t\t<div class=\"elementor-gallery-item__overlay\"><\/div>\n\t\t\t\t\t\t\t\t\t\t\t\t\t\t<\/a>\n\t\t\t\t\t\t\t<a class=\"e-gallery-item elementor-gallery-item elementor-animated-content\" href=\"https:\/\/communityangelsri.com\/wp-content\/uploads\/2025\/06\/484512717_961103446132884_1833933619362864121_n.jpg\" data-elementor-open-lightbox=\"yes\" data-elementor-lightbox-slideshow=\"a5613f1\" data-elementor-lightbox-title=\"484512717_961103446132884_1833933619362864121_n\" data-e-action-hash=\"#elementor-action%3Aaction%3Dlightbox%26settings%3DeyJpZCI6MjYyMCwidXJsIjoiaHR0cHM6XC9cL2NvbW11bml0eWFuZ2Vsc3JpLmNvbVwvd3AtY29udGVudFwvdXBsb2Fkc1wvMjAyNVwvMDZcLzQ4NDUxMjcxN185NjExMDM0NDYxMzI4ODRfMTgzMzkzMzYxOTM2Mjg2NDEyMV9uLmpwZyIsInNsaWRlc2hvdyI6ImE1NjEzZjEifQ%3D%3D\">\n\t\t\t\t\t<div class=\"e-gallery-image elementor-gallery-item__image\" data-thumbnail=\"https:\/\/communityangelsri.com\/wp-content\/uploads\/2025\/06\/484512717_961103446132884_1833933619362864121_n-300x225.jpg\" data-width=\"300\" data-height=\"225\" aria-label=\"\" role=\"img\" ><\/div>\n\t\t\t\t\t\t\t\t\t\t\t<div class=\"elementor-gallery-item__overlay\"><\/div>\n\t\t\t\t\t\t\t\t\t\t\t\t\t\t<\/a>\n\t\t\t\t\t\t\t<a class=\"e-gallery-item elementor-gallery-item elementor-animated-content\" href=\"https:\/\/communityangelsri.com\/wp-content\/uploads\/2025\/06\/484641397_961728959403666_921855164630209923_n.jpg\" data-elementor-open-lightbox=\"yes\" data-elementor-lightbox-slideshow=\"a5613f1\" data-elementor-lightbox-title=\"484641397_961728959403666_921855164630209923_n\" data-e-action-hash=\"#elementor-action%3Aaction%3Dlightbox%26settings%3DeyJpZCI6MjYyMSwidXJsIjoiaHR0cHM6XC9cL2NvbW11bml0eWFuZ2Vsc3JpLmNvbVwvd3AtY29udGVudFwvdXBsb2Fkc1wvMjAyNVwvMDZcLzQ4NDY0MTM5N185NjE3Mjg5NTk0MDM2NjZfOTIxODU1MTY0NjMwMjA5OTIzX24uanBnIiwic2xpZGVzaG93IjoiYTU2MTNmMSJ9\">\n\t\t\t\t\t<div class=\"e-gallery-image elementor-gallery-item__image\" data-thumbnail=\"https:\/\/communityangelsri.com\/wp-content\/uploads\/2025\/06\/484641397_961728959403666_921855164630209923_n-300x225.jpg\" data-width=\"300\" data-height=\"225\" aria-label=\"\" role=\"img\" ><\/div>\n\t\t\t\t\t\t\t\t\t\t\t<div class=\"elementor-gallery-item__overlay\"><\/div>\n\t\t\t\t\t\t\t\t\t\t\t\t\t\t<\/a>\n\t\t\t\t\t\t\t<a class=\"e-gallery-item elementor-gallery-item elementor-animated-content\" href=\"https:\/\/communityangelsri.com\/wp-content\/uploads\/2025\/06\/485337820_961728192737076_7603230459574882230_n.jpg\" data-elementor-open-lightbox=\"yes\" data-elementor-lightbox-slideshow=\"a5613f1\" data-elementor-lightbox-title=\"485337820_961728192737076_7603230459574882230_n\" data-e-action-hash=\"#elementor-action%3Aaction%3Dlightbox%26settings%3DeyJpZCI6MjYyMiwidXJsIjoiaHR0cHM6XC9cL2NvbW11bml0eWFuZ2Vsc3JpLmNvbVwvd3AtY29udGVudFwvdXBsb2Fkc1wvMjAyNVwvMDZcLzQ4NTMzNzgyMF85NjE3MjgxOTI3MzcwNzZfNzYwMzIzMDQ1OTU3NDg4MjIzMF9uLmpwZyIsInNsaWRlc2hvdyI6ImE1NjEzZjEifQ%3D%3D\">\n\t\t\t\t\t<div class=\"e-gallery-image elementor-gallery-item__image\" data-thumbnail=\"https:\/\/communityangelsri.com\/wp-content\/uploads\/2025\/06\/485337820_961728192737076_7603230459574882230_n-300x225.jpg\" data-width=\"300\" data-height=\"225\" aria-label=\"\" role=\"img\" ><\/div>\n\t\t\t\t\t\t\t\t\t\t\t<div class=\"elementor-gallery-item__overlay\"><\/div>\n\t\t\t\t\t\t\t\t\t\t\t\t\t\t<\/a>\n\t\t\t\t\t<\/div>\n\t\t\t\t\t<\/div>\n\t\t\t\t<\/div>\n\t\t\t\t\t<\/div>\n\t\t\t\t<\/div>\n\t\t\t\t<\/div>","protected":false},"excerpt":{"rendered":"<p>Back to home Valentine\u2019s Day Celebration Focused on home-based daycares across the community. Celebrates friendship and kindness among young children. Supports daycare providers by: Donating new books to help build daycare libraries Providing snacks and treats for the children Organizing friendship-themed activities and crafts Promotes early literacy and positive social development<\/p>","protected":false},"author":2,"featured_media":0,"parent":0,"menu_order":0,"comment_status":"closed","ping_status":"closed","template":"","meta":{"_surecart_dashboard_logo_width":"180px","_surecart_dashboard_show_logo":true,"_surecart_dashboard_navigation_orders":true,"_surecart_dashboard_navigation_invoices":true,"_surecart_dashboard_navigation_subscriptions":true,"_surecart_dashboard_navigation_downloads":true,"_surecart_dashboard_navigation_billing":true,"_surecart_dashboard_navigation_account":true,"site-sidebar-layout":"no-sidebar","site-content-layout":"page-builder","ast-site-content-layout":"full-width-container","site-content-style":"default","site-sidebar-style":"default","ast-global-header-display":"","ast-banner-title-visibility":"","ast-main-header-display":"","ast-hfb-above-header-display":"","ast-hfb-below-header-display":"","ast-hfb-mobile-header-display":"","site-post-title":"disabled","ast-breadcrumbs-content":"","ast-featured-img":"disabled","footer-sml-layout":"","theme-transparent-header-meta":"","adv-header-id-meta":"","stick-header-meta":"","header-above-stick-meta":"","header-main-stick-meta":"","header-below-stick-meta":"","astra-migrate-meta-layouts":"default","ast-page-background-enabled":"default","ast-page-background-meta":{"desktop":{"background-color":"var(--ast-global-color-4)","background-image":"","background-repeat":"repeat","background-position":"center center","background-size":"auto","background-attachment":"scroll","background-type":"","background-media":"","overlay-type":"","overlay-color":"","overlay-opacity":"","overlay-gradient":""},"tablet":{"background-color":"","background-image":"","background-repeat":"repeat","background-position":"center center","background-size":"auto","background-attachment":"scroll","background-type":"","background-media":"","overlay-type":"","overlay-color":"","overlay-opacity":"","overlay-gradient":""},"mobile":{"background-color":"","background-image":"","background-repeat":"repeat","background-position":"center center","background-size":"auto","background-attachment":"scroll","background-type":"","background-media":"","overlay-type":"","overlay-color":"","overlay-opacity":"","overlay-gradient":""}},"ast-content-background-meta":{"desktop":{"background-color":"var(--ast-global-color-5)","background-image":"","background-repeat":"repeat","background-position":"center center","background-size":"auto","background-attachment":"scroll","background-type":"","background-media":"","overlay-type":"","overlay-color":"","overlay-opacity":"","overlay-gradient":""},"tablet":{"background-color":"var(--ast-global-color-5)","background-image":"","background-repeat":"repeat","background-position":"center center","background-size":"auto","background-attachment":"scroll","background-type":"","background-media":"","overlay-type":"","overlay-color":"","overlay-opacity":"","overlay-gradient":""},"mobile":{"background-color":"var(--ast-global-color-5)","background-image":"","background-repeat":"repeat","background-position":"center center","background-size":"auto","background-attachment":"scroll","background-type":"","background-media":"","overlay-type":"","overlay-color":"","overlay-opacity":"","overlay-gradient":""}},"footnotes":""},"class_list":["post-2420","page","type-page","status-publish","hentry"],"_links":{"self":[{"href":"https:\/\/communityangelsri.com\/es\/wp-json\/wp\/v2\/pages\/2420","targetHints":{"allow":["GET"]}}],"collection":[{"href":"https:\/\/communityangelsri.com\/es\/wp-json\/wp\/v2\/pages"}],"about":[{"href":"https:\/\/communityangelsri.com\/es\/wp-json\/wp\/v2\/types\/page"}],"author":[{"embeddable":true,"href":"https:\/\/communityangelsri.com\/es\/wp-json\/wp\/v2\/users\/2"}],"replies":[{"embeddable":true,"href":"https:\/\/communityangelsri.com\/es\/wp-json\/wp\/v2\/comments?post=2420"}],"version-history":[{"count":27,"href":"https:\/\/communityangelsri.com\/es\/wp-json\/wp\/v2\/pages\/2420\/revisions"}],"predecessor-version":[{"id":2874,"href":"https:\/\/communityangelsri.com\/es\/wp-json\/wp\/v2\/pages\/2420\/revisions\/2874"}],"wp:attachment":[{"href":"https:\/\/communityangelsri.com\/es\/wp-json\/wp\/v2\/media?parent=2420"}],"curies":[{"name":"wp","href":"https:\/\/api.w.org\/{rel}","templated":true}]}}