{"id":1448,"date":"2025-04-30T18:04:31","date_gmt":"2025-04-30T18:04:31","guid":{"rendered":"https:\/\/communityangelsri.com\/home\/"},"modified":"2025-06-26T16:54:39","modified_gmt":"2025-06-26T16:54:39","slug":"home","status":"publish","type":"page","link":"https:\/\/communityangelsri.com\/es\/","title":{"rendered":"Inicio"},"content":{"rendered":"<div data-elementor-type=\"wp-page\" data-elementor-id=\"1448\" class=\"elementor elementor-1448\" data-elementor-post-type=\"page\">\n\t\t\t\t<div class=\"elementor-element elementor-element-vuudadd e-con-full e-flex e-con e-parent\" data-id=\"vuudadd\" data-element_type=\"container\" data-settings=\"{&quot;background_background&quot;:&quot;video&quot;,&quot;background_video_link&quot;:&quot;https:\\\/\\\/communityangelsri.com\\\/wp-content\\\/uploads\\\/2025\\\/05\\\/master.mp4&quot;,&quot;background_play_on_mobile&quot;:&quot;yes&quot;}\">\n\t\t<div class=\"elementor-background-video-container\">\n\t\t\t\t\t\t\t<video class=\"elementor-background-video-hosted\" autoplay muted playsinline loop><\/video>\n\t\t\t\t\t<\/div><div class=\"elementor-element elementor-element-05ba369 e-con-full e-flex e-con e-child\" data-id=\"05ba369\" data-element_type=\"container\">\n\t\t\t\t<div class=\"elementor-element elementor-element-5117318 elementor-widget elementor-widget-spacer\" data-id=\"5117318\" data-element_type=\"widget\" data-widget_type=\"spacer.default\">\n\t\t\t\t<div class=\"elementor-widget-container\">\n\t\t\t\t\t\t\t<div class=\"elementor-spacer\">\n\t\t\t<div class=\"elementor-spacer-inner\"><\/div>\n\t\t<\/div>\n\t\t\t\t\t\t<\/div>\n\t\t\t\t<\/div>\n\t\t\t\t<div class=\"elementor-element elementor-element-9457629 elementor-widget elementor-widget-image\" data-id=\"9457629\" data-element_type=\"widget\" data-widget_type=\"image.default\">\n\t\t\t\t<div class=\"elementor-widget-container\">\n\t\t\t\t\t\t\t\t\t\t\t\t\t\t\t<img decoding=\"async\" src=\"https:\/\/communityangelsri.com\/wp-content\/uploads\/elementor\/thumbs\/IMG_1202-2-r5iheexxj9ed96k7oo09n0u53nd0j5oawjj6eneym2.png\" title=\"\" alt=\"\" loading=\"lazy\" \/>\t\t\t\t\t\t\t\t\t\t\t\t\t\t\t<\/div>\n\t\t\t\t<\/div>\n\t\t\t\t<\/div>\n\t\t\t\t<\/div>\n\t\t<div class=\"elementor-element elementor-element-7pydmse elementor-hidden-mobile e-flex e-con-boxed e-con e-parent\" data-id=\"7pydmse\" data-element_type=\"container\">\n\t\t\t\t\t<div class=\"e-con-inner\">\n\t\t<div class=\"elementor-element elementor-element-0b7cbde e-con-full e-flex e-con e-child\" data-id=\"0b7cbde\" data-element_type=\"container\">\n\t\t\t\t<div class=\"elementor-element elementor-element-a00fddf elementor-widget elementor-widget-heading\" data-id=\"a00fddf\" data-element_type=\"widget\" data-widget_type=\"heading.default\">\n\t\t\t\t<div class=\"elementor-widget-container\">\n\t\t\t\t\t<h2 class=\"elementor-heading-title elementor-size-default\">Nuestra Misi\u00f3n<\/h2>\t\t\t\t<\/div>\n\t\t\t\t<\/div>\n\t\t\t\t<div class=\"elementor-element elementor-element-4b10ce9 elementor-widget elementor-widget-text-editor\" data-id=\"4b10ce9\" data-element_type=\"widget\" data-widget_type=\"text-editor.default\">\n\t\t\t\t<div class=\"elementor-widget-container\">\n\t\t\t\t\t\t\t\t\t<p class=\"translation-block\">Nos dedicamos a crear momentos m\u00e1gicos que fomentan la felicidad y recuerdos imborrables para ni\u00f1os que enfrentan dificultades econ\u00f3micas, sociales o de salud. Gracias a nuestro firme compromiso de difundir la bondad y la generosidad, nos esforzamos por garantizar que cada ni\u00f1o experimente la magia de las fiestas, independientemente de sus circunstancias. Al brindar regalos, celebraciones festivas y una comunidad solidaria, buscamos alegrar la vida de estos ni\u00f1os, empoder\u00e1ndolos para que abracen el esp\u00edritu de la esperanza y las posibilidades. Imaginamos un futuro donde cada ni\u00f1o se sienta valorado, querido y rodeado de amor.<\/p><p><span style=\"font-weight: 400;\">\u00a0<\/span><\/p><p class=\"translation-block\">Como organizaci\u00f3n con una s\u00f3lida trayectoria en la comunidad, nos hemos enfocado en apoyar a las familias para crear momentos m\u00e1gicos para sus hijos durante las fiestas y sus alrededores. A trav\u00e9s de nuestro trabajo, hemos presenciado de primera mano el impacto de estos momentos m\u00e1gicos en la vida de las familias a las que apoyamos.<\/p>\t\t\t\t\t\t\t\t<\/div>\n\t\t\t\t<\/div>\n\t\t\t\t<div class=\"elementor-element elementor-element-5652ba1 elementor-hidden-mobile elementor-widget-divider--view-line elementor-widget elementor-widget-divider\" data-id=\"5652ba1\" data-element_type=\"widget\" data-widget_type=\"divider.default\">\n\t\t\t\t<div class=\"elementor-widget-container\">\n\t\t\t\t\t\t\t<div class=\"elementor-divider\">\n\t\t\t<span class=\"elementor-divider-separator\">\n\t\t\t\t\t\t<\/span>\n\t\t<\/div>\n\t\t\t\t\t\t<\/div>\n\t\t\t\t<\/div>\n\t\t\t\t<div class=\"elementor-element elementor-element-584924a elementor-widget elementor-widget-heading\" data-id=\"584924a\" data-element_type=\"widget\" data-widget_type=\"heading.default\">\n\t\t\t\t<div class=\"elementor-widget-container\">\n\t\t\t\t\t<h2 class=\"elementor-heading-title elementor-size-default\">Nuestra Visi\u00f3n<\/h2>\t\t\t\t<\/div>\n\t\t\t\t<\/div>\n\t\t\t\t<div class=\"elementor-element elementor-element-a2f65e5 elementor-widget elementor-widget-text-editor\" data-id=\"a2f65e5\" data-element_type=\"widget\" data-widget_type=\"text-editor.default\">\n\t\t\t\t<div class=\"elementor-widget-container\">\n\t\t\t\t\t\t\t\t\t<p><span style=\"font-weight: 400;\">Ser una organizaci\u00f3n l\u00edder en la creaci\u00f3n de experiencias transformadoras para ni\u00f1os y familias que enfrentan dificultades, donde cada ni\u00f1o, independientemente de sus circunstancias, tenga acceso a momentos de alegr\u00eda, celebraci\u00f3n y comunidad. Imaginamos un futuro donde la compasi\u00f3n, el amor y la esperanza est\u00e9n al alcance de todos, y donde cada familia se sienta reconocida, apoyada y alentada por una red comprometida con su bienestar emocional y social.<\/span><\/p>\t\t\t\t\t\t\t\t<\/div>\n\t\t\t\t<\/div>\n\t\t\t\t<\/div>\n\t\t<div class=\"elementor-element elementor-element-a631947 e-con-full e-flex e-con e-child\" data-id=\"a631947\" data-element_type=\"container\">\n\t\t\t\t<div class=\"elementor-element elementor-element-0373e4c elementor-widget elementor-widget-image\" data-id=\"0373e4c\" data-element_type=\"widget\" data-widget_type=\"image.default\">\n\t\t\t\t<div class=\"elementor-widget-container\">\n\t\t\t\t\t\t\t\t\t\t\t\t\t\t\t<img fetchpriority=\"high\" decoding=\"async\" width=\"2560\" height=\"1583\" src=\"https:\/\/communityangelsri.com\/wp-content\/uploads\/2025\/05\/JT2_6130_CommunityAngels_0258-scaled.jpg\" class=\"attachment-full size-full wp-image-1917\" alt=\"\" srcset=\"https:\/\/communityangelsri.com\/wp-content\/uploads\/2025\/05\/JT2_6130_CommunityAngels_0258-scaled.jpg 2560w, https:\/\/communityangelsri.com\/wp-content\/uploads\/2025\/05\/JT2_6130_CommunityAngels_0258-300x186.jpg 300w, https:\/\/communityangelsri.com\/wp-content\/uploads\/2025\/05\/JT2_6130_CommunityAngels_0258-1024x633.jpg 1024w, https:\/\/communityangelsri.com\/wp-content\/uploads\/2025\/05\/JT2_6130_CommunityAngels_0258-768x475.jpg 768w, https:\/\/communityangelsri.com\/wp-content\/uploads\/2025\/05\/JT2_6130_CommunityAngels_0258-1536x950.jpg 1536w, https:\/\/communityangelsri.com\/wp-content\/uploads\/2025\/05\/JT2_6130_CommunityAngels_0258-2048x1267.jpg 2048w\" sizes=\"(max-width: 2560px) 100vw, 2560px\" \/>\t\t\t\t\t\t\t\t\t\t\t\t\t\t\t<\/div>\n\t\t\t\t<\/div>\n\t\t\t\t<\/div>\n\t\t\t\t\t<\/div>\n\t\t\t\t<\/div>\n\t\t<div class=\"elementor-element elementor-element-574f128 elementor-hidden-desktop elementor-hidden-tablet e-flex e-con-boxed e-con e-parent\" data-id=\"574f128\" data-element_type=\"container\">\n\t\t\t\t\t<div class=\"e-con-inner\">\n\t\t<div class=\"elementor-element elementor-element-a13920a e-con-full e-flex e-con e-child\" data-id=\"a13920a\" data-element_type=\"container\">\n\t\t\t\t<div class=\"elementor-element elementor-element-fdcdb81 elementor-widget elementor-widget-heading\" data-id=\"fdcdb81\" data-element_type=\"widget\" data-widget_type=\"heading.default\">\n\t\t\t\t<div class=\"elementor-widget-container\">\n\t\t\t\t\t<h2 class=\"elementor-heading-title elementor-size-default\">Nuestra Misi\u00f3n<\/h2>\t\t\t\t<\/div>\n\t\t\t\t<\/div>\n\t\t\t\t<div class=\"elementor-element elementor-element-115ca89 elementor-widget elementor-widget-text-editor\" data-id=\"115ca89\" data-element_type=\"widget\" data-widget_type=\"text-editor.default\">\n\t\t\t\t<div class=\"elementor-widget-container\">\n\t\t\t\t\t\t\t\t\t<p class=\"translation-block\">Nos dedicamos a crear momentos m\u00e1gicos que fomentan la felicidad y recuerdos imborrables para ni\u00f1os que enfrentan dificultades econ\u00f3micas, sociales o de salud. Gracias a nuestro firme compromiso de difundir la bondad y la generosidad, nos esforzamos por garantizar que cada ni\u00f1o experimente la magia de las fiestas, independientemente de sus circunstancias. Al brindar regalos, celebraciones festivas y una comunidad solidaria, buscamos alegrar la vida de estos ni\u00f1os, empoder\u00e1ndolos para que abracen el esp\u00edritu de la esperanza y las posibilidades. Imaginamos un futuro donde cada ni\u00f1o se sienta valorado, querido y rodeado de amor.<\/p><p><span style=\"font-weight: 400;\">\u00a0<\/span><\/p><p class=\"translation-block\">Como organizaci\u00f3n con una s\u00f3lida trayectoria en la comunidad, nos hemos enfocado en apoyar a las familias para crear momentos m\u00e1gicos para sus hijos durante las fiestas y sus alrededores. A trav\u00e9s de nuestro trabajo, hemos presenciado de primera mano el impacto de estos momentos m\u00e1gicos en la vida de las familias a las que apoyamos.<\/p>\t\t\t\t\t\t\t\t<\/div>\n\t\t\t\t<\/div>\n\t\t\t\t<div class=\"elementor-element elementor-element-bcb62ca elementor-widget elementor-widget-image\" data-id=\"bcb62ca\" data-element_type=\"widget\" data-widget_type=\"image.default\">\n\t\t\t\t<div class=\"elementor-widget-container\">\n\t\t\t\t\t\t\t\t\t\t\t\t\t\t\t<img fetchpriority=\"high\" decoding=\"async\" width=\"2560\" height=\"1583\" src=\"https:\/\/communityangelsri.com\/wp-content\/uploads\/2025\/05\/JT2_6130_CommunityAngels_0258-scaled.jpg\" class=\"attachment-full size-full wp-image-1917\" alt=\"\" srcset=\"https:\/\/communityangelsri.com\/wp-content\/uploads\/2025\/05\/JT2_6130_CommunityAngels_0258-scaled.jpg 2560w, https:\/\/communityangelsri.com\/wp-content\/uploads\/2025\/05\/JT2_6130_CommunityAngels_0258-300x186.jpg 300w, https:\/\/communityangelsri.com\/wp-content\/uploads\/2025\/05\/JT2_6130_CommunityAngels_0258-1024x633.jpg 1024w, https:\/\/communityangelsri.com\/wp-content\/uploads\/2025\/05\/JT2_6130_CommunityAngels_0258-768x475.jpg 768w, https:\/\/communityangelsri.com\/wp-content\/uploads\/2025\/05\/JT2_6130_CommunityAngels_0258-1536x950.jpg 1536w, https:\/\/communityangelsri.com\/wp-content\/uploads\/2025\/05\/JT2_6130_CommunityAngels_0258-2048x1267.jpg 2048w\" sizes=\"(max-width: 2560px) 100vw, 2560px\" \/>\t\t\t\t\t\t\t\t\t\t\t\t\t\t\t<\/div>\n\t\t\t\t<\/div>\n\t\t\t\t<div class=\"elementor-element elementor-element-3c97bb2 elementor-widget elementor-widget-heading\" data-id=\"3c97bb2\" data-element_type=\"widget\" data-widget_type=\"heading.default\">\n\t\t\t\t<div class=\"elementor-widget-container\">\n\t\t\t\t\t<h2 class=\"elementor-heading-title elementor-size-default\">Nuestra Visi\u00f3n<\/h2>\t\t\t\t<\/div>\n\t\t\t\t<\/div>\n\t\t\t\t<div class=\"elementor-element elementor-element-8269640 elementor-widget elementor-widget-text-editor\" data-id=\"8269640\" data-element_type=\"widget\" data-widget_type=\"text-editor.default\">\n\t\t\t\t<div class=\"elementor-widget-container\">\n\t\t\t\t\t\t\t\t\t<p><span style=\"font-weight: 400;\">Ser una organizaci\u00f3n l\u00edder en la creaci\u00f3n de experiencias transformadoras para ni\u00f1os y familias que enfrentan dificultades, donde cada ni\u00f1o, independientemente de sus circunstancias, tenga acceso a momentos de alegr\u00eda, celebraci\u00f3n y comunidad. Imaginamos un futuro donde la compasi\u00f3n, el amor y la esperanza est\u00e9n al alcance de todos, y donde cada familia se sienta reconocida, apoyada y alentada por una red comprometida con su bienestar emocional y social.<\/span><\/p>\t\t\t\t\t\t\t\t<\/div>\n\t\t\t\t<\/div>\n\t\t\t\t<\/div>\n\t\t<div class=\"elementor-element elementor-element-d970a8c e-con-full e-flex e-con e-child\" data-id=\"d970a8c\" data-element_type=\"container\">\n\t\t\t\t<\/div>\n\t\t\t\t\t<\/div>\n\t\t\t\t<\/div>\n\t\t<div class=\"elementor-element elementor-element-3dxodfq e-flex e-con-boxed e-con e-parent\" data-id=\"3dxodfq\" data-element_type=\"container\" data-settings=\"{&quot;background_background&quot;:&quot;classic&quot;}\">\n\t\t\t\t\t<div class=\"e-con-inner\">\n\t\t<div class=\"elementor-element elementor-element-e29a3fa e-con-full e-flex e-con e-child\" data-id=\"e29a3fa\" data-element_type=\"container\">\n\t\t\t\t<div class=\"elementor-element elementor-element-9136f41 elementor-widget elementor-widget-heading\" data-id=\"9136f41\" data-element_type=\"widget\" data-widget_type=\"heading.default\">\n\t\t\t\t<div class=\"elementor-widget-container\">\n\t\t\t\t\t<h2 class=\"elementor-heading-title elementor-size-default\">Haz tu donaci\u00f3n<\/h2>\t\t\t\t<\/div>\n\t\t\t\t<\/div>\n\t\t\t\t<div class=\"elementor-element elementor-element-8e24a9a elementor-widget elementor-widget-text-editor\" data-id=\"8e24a9a\" data-element_type=\"widget\" data-widget_type=\"text-editor.default\">\n\t\t\t\t<div class=\"elementor-widget-container\">\n\t\t\t\t\t\t\t\t\t<p>Tu donaci\u00f3n hace posible nuestra labor. Cada contribuci\u00f3n, grande o peque\u00f1a, se convierte en esperanza y oportunidades para quienes m\u00e1s lo necesitan. \u00a1Juntos podemos construir un futuro mejor!<\/p>\t\t\t\t\t\t\t\t<\/div>\n\t\t\t\t<\/div>\n\t\t\t\t<div class=\"elementor-element elementor-element-491d02f elementor-align-center elementor-widget elementor-widget-button\" data-id=\"491d02f\" data-element_type=\"widget\" data-widget_type=\"button.default\">\n\t\t\t\t<div class=\"elementor-widget-container\">\n\t\t\t\t\t\t\t\t\t<div class=\"elementor-button-wrapper\">\n\t\t\t\t\t<a class=\"elementor-button elementor-button-link elementor-size-sm\" href=\"#elementor-action%3Aaction%3Dpopup%3Aopen%26settings%3DeyJpZCI6IjI2ODMiLCJ0b2dnbGUiOmZhbHNlfQ%3D%3D\">\n\t\t\t\t\t\t<span class=\"elementor-button-content-wrapper\">\n\t\t\t\t\t\t\t\t\t<span class=\"elementor-button-text\">Donar<\/span>\n\t\t\t\t\t<\/span>\n\t\t\t\t\t<\/a>\n\t\t\t\t<\/div>\n\t\t\t\t\t\t\t\t<\/div>\n\t\t\t\t<\/div>\n\t\t\t\t<\/div>\n\t\t\t\t\t<\/div>\n\t\t\t\t<\/div>\n\t\t\t\t<\/div>","protected":false},"excerpt":{"rendered":"<p>Our Mission We are dedicated to creating magical moments that foster happiness and lasting\u00a0memories for children facing economic, social, or health challenges. Through our\u00a0unwavering commitment to spreading kindness and generosity, we strive to ensure that\u00a0every child experiences the magic of the holidays, regardless of their circumstances. By\u00a0providing gifts, festive celebrations, and a supportive community, we [&hellip;]<\/p>","protected":false},"author":2,"featured_media":0,"parent":0,"menu_order":0,"comment_status":"closed","ping_status":"closed","template":"","meta":{"_surecart_dashboard_logo_width":"180px","_surecart_dashboard_show_logo":true,"_surecart_dashboard_navigation_orders":true,"_surecart_dashboard_navigation_invoices":true,"_surecart_dashboard_navigation_subscriptions":true,"_surecart_dashboard_navigation_downloads":true,"_surecart_dashboard_navigation_billing":true,"_surecart_dashboard_navigation_account":true,"site-sidebar-layout":"no-sidebar","site-content-layout":"page-builder","ast-site-content-layout":"","site-content-style":"default","site-sidebar-style":"default","ast-global-header-display":"","ast-banner-title-visibility":"","ast-main-header-display":"","ast-hfb-above-header-display":"","ast-hfb-below-header-display":"","ast-hfb-mobile-header-display":"","site-post-title":"disabled","ast-breadcrumbs-content":"","ast-featured-img":"disabled","footer-sml-layout":"","theme-transparent-header-meta":"enabled","adv-header-id-meta":"","stick-header-meta":"","header-above-stick-meta":"","header-main-stick-meta":"","header-below-stick-meta":"","astra-migrate-meta-layouts":"default","ast-page-background-enabled":"default","ast-page-background-meta":{"desktop":{"background-color":"var(--ast-global-color-4)","background-image":"","background-repeat":"repeat","background-position":"center center","background-size":"auto","background-attachment":"scroll","background-type":"","background-media":"","overlay-type":"","overlay-color":"","overlay-opacity":"","overlay-gradient":""},"tablet":{"background-color":"","background-image":"","background-repeat":"repeat","background-position":"center center","background-size":"auto","background-attachment":"scroll","background-type":"","background-media":"","overlay-type":"","overlay-color":"","overlay-opacity":"","overlay-gradient":""},"mobile":{"background-color":"","background-image":"","background-repeat":"repeat","background-position":"center center","background-size":"auto","background-attachment":"scroll","background-type":"","background-media":"","overlay-type":"","overlay-color":"","overlay-opacity":"","overlay-gradient":""}},"ast-content-background-meta":{"desktop":{"background-color":"var(--ast-global-color-5)","background-image":"","background-repeat":"repeat","background-position":"center center","background-size":"auto","background-attachment":"scroll","background-type":"","background-media":"","overlay-type":"","overlay-color":"","overlay-opacity":"","overlay-gradient":""},"tablet":{"background-color":"var(--ast-global-color-5)","background-image":"","background-repeat":"repeat","background-position":"center center","background-size":"auto","background-attachment":"scroll","background-type":"","background-media":"","overlay-type":"","overlay-color":"","overlay-opacity":"","overlay-gradient":""},"mobile":{"background-color":"var(--ast-global-color-5)","background-image":"","background-repeat":"repeat","background-position":"center center","background-size":"auto","background-attachment":"scroll","background-type":"","background-media":"","overlay-type":"","overlay-color":"","overlay-opacity":"","overlay-gradient":""}},"footnotes":""},"class_list":["post-1448","page","type-page","status-publish","hentry"],"_links":{"self":[{"href":"https:\/\/communityangelsri.com\/es\/wp-json\/wp\/v2\/pages\/1448","targetHints":{"allow":["GET"]}}],"collection":[{"href":"https:\/\/communityangelsri.com\/es\/wp-json\/wp\/v2\/pages"}],"about":[{"href":"https:\/\/communityangelsri.com\/es\/wp-json\/wp\/v2\/types\/page"}],"author":[{"embeddable":true,"href":"https:\/\/communityangelsri.com\/es\/wp-json\/wp\/v2\/users\/2"}],"replies":[{"embeddable":true,"href":"https:\/\/communityangelsri.com\/es\/wp-json\/wp\/v2\/comments?post=1448"}],"version-history":[{"count":66,"href":"https:\/\/communityangelsri.com\/es\/wp-json\/wp\/v2\/pages\/1448\/revisions"}],"predecessor-version":[{"id":2985,"href":"https:\/\/communityangelsri.com\/es\/wp-json\/wp\/v2\/pages\/1448\/revisions\/2985"}],"wp:attachment":[{"href":"https:\/\/communityangelsri.com\/es\/wp-json\/wp\/v2\/media?parent=1448"}],"curies":[{"name":"wp","href":"https:\/\/api.w.org\/{rel}","templated":true}]}}