{"id":14,"date":"2025-04-30T18:04:31","date_gmt":"2025-04-30T18:04:31","guid":{"rendered":"https:\/\/communityangelsri.com\/about\/"},"modified":"2025-06-24T15:08:09","modified_gmt":"2025-06-24T15:08:09","slug":"about","status":"publish","type":"page","link":"https:\/\/communityangelsri.com\/es\/about\/","title":{"rendered":"About"},"content":{"rendered":"<div data-elementor-type=\"wp-page\" data-elementor-id=\"14\" class=\"elementor elementor-14\" data-elementor-post-type=\"page\">\n\t\t\t\t<div class=\"elementor-element elementor-element-4094ee7 e-flex e-con-boxed e-con e-parent\" data-id=\"4094ee7\" data-element_type=\"container\" data-settings=\"{&quot;background_background&quot;:&quot;classic&quot;}\">\n\t\t\t\t\t<div class=\"e-con-inner\">\n\t\t<div class=\"elementor-element elementor-element-8695738 e-con-full e-flex e-con e-child\" data-id=\"8695738\" data-element_type=\"container\">\n\t\t\t\t<div class=\"elementor-element elementor-element-e5a28a9 elementor-widget elementor-widget-heading\" data-id=\"e5a28a9\" data-element_type=\"widget\" data-widget_type=\"heading.default\">\n\t\t\t\t<div class=\"elementor-widget-container\">\n\t\t\t\t\t<h2 class=\"elementor-heading-title elementor-size-default\">CON\u00d3CENOS<\/h2>\t\t\t\t<\/div>\n\t\t\t\t<\/div>\n\t\t\t\t<\/div>\n\t\t\t\t\t<\/div>\n\t\t\t\t<\/div>\n\t\t<div class=\"elementor-element elementor-element-pwan3fk e-flex e-con-boxed e-con e-parent\" data-id=\"pwan3fk\" data-element_type=\"container\" data-settings=\"{&quot;background_background&quot;:&quot;classic&quot;}\">\n\t\t\t\t\t<div class=\"e-con-inner\">\n\t\t<div class=\"elementor-element elementor-element-9945606 e-con-full e-flex e-con e-child\" data-id=\"9945606\" data-element_type=\"container\">\n\t\t\t\t<div class=\"elementor-element elementor-element-f4b949f elementor-widget elementor-widget-heading\" data-id=\"f4b949f\" data-element_type=\"widget\" data-widget_type=\"heading.default\">\n\t\t\t\t<div class=\"elementor-widget-container\">\n\t\t\t\t\t<h2 class=\"elementor-heading-title elementor-size-default\">Nuestra Historia<br>Community Angels<\/h2>\t\t\t\t<\/div>\n\t\t\t\t<\/div>\n\t\t\t\t<div class=\"elementor-element elementor-element-2c7a0f8 elementor-widget__width-initial elementor-widget elementor-widget-image-box\" data-id=\"2c7a0f8\" data-element_type=\"widget\" data-widget_type=\"image-box.default\">\n\t\t\t\t<div class=\"elementor-widget-container\">\n\t\t\t\t\t<div class=\"elementor-image-box-wrapper\"><div class=\"elementor-image-box-content\"><p class=\"elementor-image-box-description\">El d\u00eda de Navidad de 2018, la ciudad de Providence perdi\u00f3 a una de sus voces m\u00e1s influyentes: Laura Rodr\u00edguez, madre, abuela, esposa y defensora comunitaria de toda la vida. Nacida en la Rep\u00fablica Dominicana, Laura lleg\u00f3 a Providence con un profundo sentido de justicia. Ex empleada de limpieza de hotel y organizadora sindical, se hizo conocida como la alcaldesa no oficial de South Providence, convirtiendo su casa en la calle Sumter en un centro de organizaci\u00f3n y apoyo comunitario.\n<\/p><\/div><\/div>\t\t\t\t<\/div>\n\t\t\t\t<\/div>\n\t\t\t\t<div class=\"elementor-element elementor-element-fe4d709 elementor-widget elementor-widget-text-editor\" data-id=\"fe4d709\" data-element_type=\"widget\" data-widget_type=\"text-editor.default\">\n\t\t\t\t<div class=\"elementor-widget-container\">\n\t\t\t\t\t\t\t\t\t<p><span style=\"font-weight: 400;\">En 2010, Laura nombr\u00f3 oficialmente su esfuerzo de base <\/span><b>Community Angels<\/b><span style=\"font-weight: 400;\">, Con la misi\u00f3n de llevar alegr\u00eda navide\u00f1a a ni\u00f1os de barrios marginados. Lo que comenz\u00f3 con la donaci\u00f3n de algunos juguetes se convirti\u00f3 en un evento anual a gran escala que ofrece no solo regalos, sino tambi\u00e9n celebraci\u00f3n, dignidad y amor, con fotos de Pap\u00e1 Noel, m\u00fasica, comida y un espacio acogedor para todos.<\/span><\/p>\t\t\t\t\t\t\t\t<\/div>\n\t\t\t\t<\/div>\n\t\t\t\t<div class=\"elementor-element elementor-element-c2508cc elementor-widget elementor-widget-text-editor\" data-id=\"c2508cc\" data-element_type=\"widget\" data-widget_type=\"text-editor.default\">\n\t\t\t\t<div class=\"elementor-widget-container\">\n\t\t\t\t\t\t\t\t\t<p><span style=\"font-weight: 400;\">Gracias a sus incansables esfuerzos y s\u00f3lidas relaciones con sindicatos, hospitales, funcionarios p\u00fablicos y organizaciones sin fines de lucro, para 2024, <\/span><b>Los \u00c1ngeles Comunitarios hab\u00edan distribuido m\u00e1s de 2.000 abrigos y 15.000 juguetes<\/b><span style=\"font-weight: 400;\"> A los ni\u00f1os de todo el estado. <\/span><\/p>\t\t\t\t\t\t\t\t<\/div>\n\t\t\t\t<\/div>\n\t\t\t\t<\/div>\n\t\t<div class=\"elementor-element elementor-element-f499284 e-con-full e-flex e-con e-child\" data-id=\"f499284\" data-element_type=\"container\">\n\t\t\t\t<div class=\"elementor-element elementor-element-12d7e03 elementor-widget elementor-widget-image\" data-id=\"12d7e03\" data-element_type=\"widget\" data-widget_type=\"image.default\">\n\t\t\t\t<div class=\"elementor-widget-container\">\n\t\t\t\t\t\t\t\t\t\t\t\t\t\t\t<img fetchpriority=\"high\" decoding=\"async\" width=\"1024\" height=\"681\" src=\"https:\/\/communityangelsri.com\/wp-content\/uploads\/2025\/05\/JT2_6005_CommunityAngels_0134-1024x681.jpg\" class=\"attachment-large size-large wp-image-1947\" alt=\"\" srcset=\"https:\/\/communityangelsri.com\/wp-content\/uploads\/2025\/05\/JT2_6005_CommunityAngels_0134-1024x681.jpg 1024w, https:\/\/communityangelsri.com\/wp-content\/uploads\/2025\/05\/JT2_6005_CommunityAngels_0134-300x200.jpg 300w, https:\/\/communityangelsri.com\/wp-content\/uploads\/2025\/05\/JT2_6005_CommunityAngels_0134-768x511.jpg 768w, https:\/\/communityangelsri.com\/wp-content\/uploads\/2025\/05\/JT2_6005_CommunityAngels_0134-1536x1022.jpg 1536w, https:\/\/communityangelsri.com\/wp-content\/uploads\/2025\/05\/JT2_6005_CommunityAngels_0134-2048x1363.jpg 2048w\" sizes=\"(max-width: 1024px) 100vw, 1024px\" \/>\t\t\t\t\t\t\t\t\t\t\t\t\t\t\t<\/div>\n\t\t\t\t<\/div>\n\t\t\t\t<div class=\"elementor-element elementor-element-788f132 elementor-widget elementor-widget-text-editor\" data-id=\"788f132\" data-element_type=\"widget\" data-widget_type=\"text-editor.default\">\n\t\t\t\t<div class=\"elementor-widget-container\">\n\t\t\t\t\t\t\t\t\t<p><span style=\"font-weight: 400;\">Hoy, inspirados por los valores y el legado de Laura, expandimos su misi\u00f3n m\u00e1s all\u00e1 de las fiestas. Community Angels lanza <\/span><b>Programas durante todo el a\u00f1o centrados en la educaci\u00f3n, la recreaci\u00f3n y la participaci\u00f3n familiar<\/b><span style=\"font-weight: 400;\">, porque cada ni\u00f1o merece m\u00e1s de un d\u00eda m\u00e1gico: merece alegr\u00eda, apoyo y oportunidades todos los d\u00edas.<\/span><\/p>\t\t\t\t\t\t\t\t<\/div>\n\t\t\t\t<\/div>\n\t\t\t\t<div class=\"elementor-element elementor-element-20af6f5 elementor-widget elementor-widget-text-editor\" data-id=\"20af6f5\" data-element_type=\"widget\" data-widget_type=\"text-editor.default\">\n\t\t\t\t<div class=\"elementor-widget-container\">\n\t\t\t\t\t\t\t\t\t<p><span style=\"font-weight: 400;\">En la calle Sumter, <\/span><b>Camino de Laura Rodr\u00edguez<\/b><span style=\"font-weight: 400;\"> Ahora es un recordatorio permanente del entusiasmo que encendi\u00f3 en esta comunidad. Su influencia perdura en cada ni\u00f1o que ayud\u00f3, cada trabajador por el que luch\u00f3 y cada voz que empoder\u00f3 para alzar la voz.<\/span><\/p><p><span style=\"font-weight: 400;\">\u00a0<\/span><\/p><p><b>Nosotros somos los angeles comunitarios.<\/b><b><br \/><\/b><b>Y llevaremos su antorcha con fiereza, con alegr\u00eda y siempre en su nombre.<\/b><\/p>\t\t\t\t\t\t\t\t<\/div>\n\t\t\t\t<\/div>\n\t\t\t\t<\/div>\n\t\t\t\t\t<\/div>\n\t\t\t\t<\/div>\n\t\t<div class=\"elementor-element elementor-element-9913187 e-flex e-con-boxed e-con e-parent\" data-id=\"9913187\" data-element_type=\"container\" data-settings=\"{&quot;background_background&quot;:&quot;classic&quot;}\">\n\t\t\t\t\t<div class=\"e-con-inner\">\n\t\t<div class=\"elementor-element elementor-element-0f074f2 e-con-full e-flex e-con e-child\" data-id=\"0f074f2\" data-element_type=\"container\">\n\t\t\t\t<div class=\"elementor-element elementor-element-5e67347 elementor-widget elementor-widget-heading\" data-id=\"5e67347\" data-element_type=\"widget\" data-widget_type=\"heading.default\">\n\t\t\t\t<div class=\"elementor-widget-container\">\n\t\t\t\t\t<h2 class=\"elementor-heading-title elementor-size-default\">Haz tu donaci\u00f3n<\/h2>\t\t\t\t<\/div>\n\t\t\t\t<\/div>\n\t\t\t\t<div class=\"elementor-element elementor-element-14b235b elementor-widget elementor-widget-text-editor\" data-id=\"14b235b\" data-element_type=\"widget\" data-widget_type=\"text-editor.default\">\n\t\t\t\t<div class=\"elementor-widget-container\">\n\t\t\t\t\t\t\t\t\t<p>Tu donaci\u00f3n hace posible nuestra labor. Cada contribuci\u00f3n, grande o peque\u00f1a, se convierte en esperanza y oportunidades para quienes m\u00e1s lo necesitan. \u00a1Juntos podemos construir un futuro mejor!<\/p>\t\t\t\t\t\t\t\t<\/div>\n\t\t\t\t<\/div>\n\t\t\t\t<div class=\"elementor-element elementor-element-4f55473 elementor-align-center elementor-widget elementor-widget-button\" data-id=\"4f55473\" data-element_type=\"widget\" data-widget_type=\"button.default\">\n\t\t\t\t<div class=\"elementor-widget-container\">\n\t\t\t\t\t\t\t\t\t<div class=\"elementor-button-wrapper\">\n\t\t\t\t\t<a class=\"elementor-button elementor-button-link elementor-size-sm\" href=\"#elementor-action%3Aaction%3Dpopup%3Aopen%26settings%3DeyJpZCI6IjI2ODMiLCJ0b2dnbGUiOmZhbHNlfQ%3D%3D\">\n\t\t\t\t\t\t<span class=\"elementor-button-content-wrapper\">\n\t\t\t\t\t\t\t\t\t<span class=\"elementor-button-text\">Donar<\/span>\n\t\t\t\t\t<\/span>\n\t\t\t\t\t<\/a>\n\t\t\t\t<\/div>\n\t\t\t\t\t\t\t\t<\/div>\n\t\t\t\t<\/div>\n\t\t\t\t<\/div>\n\t\t\t\t\t<\/div>\n\t\t\t\t<\/div>\n\t\t\t\t<\/div>","protected":false},"excerpt":{"rendered":"<p>ABOUT US Our StoryCommunity Angels On Christmas Day 2018, the city of Providence lost one of its strongest voices: Laura Rodr\u00edguez\u2014a mother, grandmother, wife, and lifelong community advocate. Born in the Dominican Republic, Laura arrived in Providence with a deep sense of justice. A former hotel housekeeper and union organizer, she became known as the [&hellip;]<\/p>","protected":false},"author":2,"featured_media":0,"parent":0,"menu_order":0,"comment_status":"closed","ping_status":"closed","template":"","meta":{"_surecart_dashboard_logo_width":"180px","_surecart_dashboard_show_logo":true,"_surecart_dashboard_navigation_orders":true,"_surecart_dashboard_navigation_invoices":true,"_surecart_dashboard_navigation_subscriptions":true,"_surecart_dashboard_navigation_downloads":true,"_surecart_dashboard_navigation_billing":true,"_surecart_dashboard_navigation_account":true,"site-sidebar-layout":"no-sidebar","site-content-layout":"page-builder","ast-site-content-layout":"","site-content-style":"default","site-sidebar-style":"default","ast-global-header-display":"","ast-banner-title-visibility":"","ast-main-header-display":"","ast-hfb-above-header-display":"","ast-hfb-below-header-display":"","ast-hfb-mobile-header-display":"","site-post-title":"disabled","ast-breadcrumbs-content":"","ast-featured-img":"disabled","footer-sml-layout":"","theme-transparent-header-meta":"enabled","adv-header-id-meta":"","stick-header-meta":"","header-above-stick-meta":"","header-main-stick-meta":"","header-below-stick-meta":"","astra-migrate-meta-layouts":"default","ast-page-background-enabled":"default","ast-page-background-meta":{"desktop":{"background-color":"var(--ast-global-color-4)","background-image":"","background-repeat":"repeat","background-position":"center center","background-size":"auto","background-attachment":"scroll","background-type":"","background-media":"","overlay-type":"","overlay-color":"","overlay-opacity":"","overlay-gradient":""},"tablet":{"background-color":"","background-image":"","background-repeat":"repeat","background-position":"center center","background-size":"auto","background-attachment":"scroll","background-type":"","background-media":"","overlay-type":"","overlay-color":"","overlay-opacity":"","overlay-gradient":""},"mobile":{"background-color":"","background-image":"","background-repeat":"repeat","background-position":"center center","background-size":"auto","background-attachment":"scroll","background-type":"","background-media":"","overlay-type":"","overlay-color":"","overlay-opacity":"","overlay-gradient":""}},"ast-content-background-meta":{"desktop":{"background-color":"var(--ast-global-color-5)","background-image":"","background-repeat":"repeat","background-position":"center center","background-size":"auto","background-attachment":"scroll","background-type":"","background-media":"","overlay-type":"","overlay-color":"","overlay-opacity":"","overlay-gradient":""},"tablet":{"background-color":"var(--ast-global-color-5)","background-image":"","background-repeat":"repeat","background-position":"center center","background-size":"auto","background-attachment":"scroll","background-type":"","background-media":"","overlay-type":"","overlay-color":"","overlay-opacity":"","overlay-gradient":""},"mobile":{"background-color":"var(--ast-global-color-5)","background-image":"","background-repeat":"repeat","background-position":"center center","background-size":"auto","background-attachment":"scroll","background-type":"","background-media":"","overlay-type":"","overlay-color":"","overlay-opacity":"","overlay-gradient":""}},"footnotes":""},"class_list":["post-14","page","type-page","status-publish","hentry"],"_links":{"self":[{"href":"https:\/\/communityangelsri.com\/es\/wp-json\/wp\/v2\/pages\/14","targetHints":{"allow":["GET"]}}],"collection":[{"href":"https:\/\/communityangelsri.com\/es\/wp-json\/wp\/v2\/pages"}],"about":[{"href":"https:\/\/communityangelsri.com\/es\/wp-json\/wp\/v2\/types\/page"}],"author":[{"embeddable":true,"href":"https:\/\/communityangelsri.com\/es\/wp-json\/wp\/v2\/users\/2"}],"replies":[{"embeddable":true,"href":"https:\/\/communityangelsri.com\/es\/wp-json\/wp\/v2\/comments?post=14"}],"version-history":[{"count":66,"href":"https:\/\/communityangelsri.com\/es\/wp-json\/wp\/v2\/pages\/14\/revisions"}],"predecessor-version":[{"id":2740,"href":"https:\/\/communityangelsri.com\/es\/wp-json\/wp\/v2\/pages\/14\/revisions\/2740"}],"wp:attachment":[{"href":"https:\/\/communityangelsri.com\/es\/wp-json\/wp\/v2\/media?parent=14"}],"curies":[{"name":"wp","href":"https:\/\/api.w.org\/{rel}","templated":true}]}}